{"id":14,"date":"2025-04-02T10:38:00","date_gmt":"2025-04-02T10:38:00","guid":{"rendered":"https:\/\/philliphiersemann.com\/index.php\/startseite\/"},"modified":"2025-12-01T16:09:19","modified_gmt":"2025-12-01T16:09:19","slug":"startseite","status":"publish","type":"page","link":"https:\/\/philliphiersemann.com\/","title":{"rendered":"HOME"},"content":{"rendered":"<section class=\"l-section wpb_row height_medium\"><div class=\"l-section-h i-cf\"><div class=\"g-cols vc_row via_grid cols_2-1 laptops-cols_inherit tablets-cols_inherit mobiles-cols_1 valign_top type_default stacking_default\"><div class=\"wpb_column vc_column_container\"><div class=\"vc_column-inner\"><div class=\"w-image align_none\"><div class=\"w-image-h\"><img loading=\"lazy\" decoding=\"async\" width=\"1024\" height=\"478\" src=\"https:\/\/philliphiersemann.com\/wp-content\/uploads\/2025\/11\/2025_11_Hiersemann_KfC_12-12_V1-1024x478.jpg\" class=\"attachment-large size-large\" alt=\"\" loading=\"lazy\" srcset=\"https:\/\/philliphiersemann.com\/wp-content\/uploads\/2025\/11\/2025_11_Hiersemann_KfC_12-12_V1-1024x478.jpg 1024w, https:\/\/philliphiersemann.com\/wp-content\/uploads\/2025\/11\/2025_11_Hiersemann_KfC_12-12_V1-300x140.jpg 300w\" sizes=\"auto, (max-width: 1024px) 100vw, 1024px\" \/><\/div><\/div><\/div><\/div><div class=\"wpb_column vc_column_container\"><div class=\"vc_column-inner\"><div class=\"wpb_text_column\"><div class=\"wpb_wrapper\"><div class=\"elementToProof\">Am Donnerstag den 27.11.2025 findet ab 19.00 Uhr die Vernissage der<\/div>\n<div class=\"elementToProof\">diesj\u00e4hrigen Weihnachtsausstellung in der Heck-Art-Galerie statt. Das Thema 12+12 zeigt Positionen der 12 K\u00fcnstler des Vereins und 12 Positionen von Gast-K\u00fcnstlern.<\/div>\n<\/div><\/div><\/div><\/div><\/div><\/div><\/section><section class=\"l-section wpb_row height_medium\"><div class=\"l-section-h i-cf\"><div class=\"g-cols vc_row via_grid cols_2 laptops-cols_inherit tablets-cols_inherit mobiles-cols_1 valign_top type_default stacking_default\"><div class=\"wpb_column vc_column_container\"><div class=\"vc_column-inner\"><div class=\"w-image align_none\"><div class=\"w-image-h\"><img loading=\"lazy\" decoding=\"async\" width=\"730\" height=\"1024\" src=\"https:\/\/philliphiersemann.com\/wp-content\/uploads\/2025\/09\/2025_04_Hiersemann_Allerdings-ungesehen_Kfc-Postkarte_V1-730x1024.jpg\" class=\"attachment-large size-large\" alt=\"\" loading=\"lazy\" srcset=\"https:\/\/philliphiersemann.com\/wp-content\/uploads\/2025\/09\/2025_04_Hiersemann_Allerdings-ungesehen_Kfc-Postkarte_V1-730x1024.jpg 730w, https:\/\/philliphiersemann.com\/wp-content\/uploads\/2025\/09\/2025_04_Hiersemann_Allerdings-ungesehen_Kfc-Postkarte_V1-214x300.jpg 214w, https:\/\/philliphiersemann.com\/wp-content\/uploads\/2025\/09\/2025_04_Hiersemann_Allerdings-ungesehen_Kfc-Postkarte_V1.jpg 1264w\" sizes=\"auto, (max-width: 730px) 100vw, 730px\" \/><\/div><\/div><div class=\"w-separator size_small\"><\/div><div class=\"wpb_text_column\"><div class=\"wpb_wrapper\"><p>Die Ausstellung &#8222;Allerdings UNGESEHEN&#8220; zeigt Arbeiten von 10 K\u00fcnstlern, vom Verein Kunst f\u00fcr Chemnitz \u00a0in den R\u00e4umlichkeiten des Sporthochhauses in der Chemnitzer Innenstadt im Kulturhauptstadt-Jahr 2025.<\/p>\n<\/div><\/div><div class=\"w-separator size_medium\"><\/div><div class=\" ubtn-ctn-left \"><a class=\"ubtn-link ult-adjust-bottom-margin ubtn-left ubtn-normal \" href=\"https:\/\/www.radiochemnitz.de\/beitrag\/echte-chemnitzer-kunst-im-sporthochhaus-862381\/\" title=\"Radio Chemnitz\" target=\"_blank\" rel=\"noopener\" ><button type=\"button\" id=\"ubtn-7970\"  class=\"ubtn ult-adjust-bottom-margin ult-responsive ubtn-normal ubtn-no-hover-bg  none  ubtn-sep-icon ubtn-sep-icon-left-push  ubtn-shd  ubtn-left  shd-left tooltip-69e369b7bc849\"  data-hover=\"\" data-border-color=\"\" data-bg=\"#7B24E3\" data-hover-bg=\"\" data-border-hover=\"\" data-shadow-hover=\"-5px 0 ;\" data-shadow-click=\"none\" data-shadow=\"-5px 0 ;\" data-shd-shadow=\"5\"  data-ultimate-target='#ubtn-7970'  data-responsive-json-new='{\"font-size\":\"\",\"line-height\":\"\"}'  style=\"font-weight:normal;border-radius:3px;border-width:1px;border-color:;border-style:solid;box-shadow: -5px 0 ;background: #7B24E3;color: #FFFFFF;\"><span class=\"ubtn-data ubtn-icon\"><i class=\"Defaults-newspaper-o\" style=\"font-size:12px;color:#FFFFFF;\"><\/i><\/span><span class=\"ubtn-hover\" style=\"background-color:\"><\/span><span class=\"ubtn-data ubtn-text \" >Erfahren Sie mehr<\/span><\/button><\/a><\/div><\/div><\/div><div class=\"wpb_column vc_column_container\"><div class=\"vc_column-inner\"><div class=\"w-image align_none\"><div class=\"w-image-h\"><img loading=\"lazy\" decoding=\"async\" width=\"632\" height=\"886\" src=\"https:\/\/philliphiersemann.com\/wp-content\/uploads\/2025\/09\/2025_04_Hiersemann_Allerdings-ungesehen_Kfc-Postkarte_UNVERKENNBAR_Gold_V1_1.jpg\" class=\"attachment-large size-large\" alt=\"\" loading=\"lazy\" srcset=\"https:\/\/philliphiersemann.com\/wp-content\/uploads\/2025\/09\/2025_04_Hiersemann_Allerdings-ungesehen_Kfc-Postkarte_UNVERKENNBAR_Gold_V1_1.jpg 632w, https:\/\/philliphiersemann.com\/wp-content\/uploads\/2025\/09\/2025_04_Hiersemann_Allerdings-ungesehen_Kfc-Postkarte_UNVERKENNBAR_Gold_V1_1-214x300.jpg 214w\" sizes=\"auto, (max-width: 632px) 100vw, 632px\" \/><\/div><\/div><\/div><\/div><\/div><\/div><\/section><section class=\"l-section wpb_row height_medium\"><div class=\"l-section-h i-cf\"><div class=\"g-cols vc_row via_grid cols_2 laptops-cols_inherit tablets-cols_inherit mobiles-cols_1 valign_top type_default stacking_default\"><div class=\"wpb_column vc_column_container\"><div class=\"vc_column-inner\"><div class=\"w-image align_none\"><div class=\"w-image-h\"><img loading=\"lazy\" decoding=\"async\" width=\"689\" height=\"1024\" src=\"https:\/\/philliphiersemann.com\/wp-content\/uploads\/2025\/12\/2025_06_Innerhalb-Plakat_A2_V12-1-689x1024.jpg\" class=\"attachment-large size-large\" alt=\"\" loading=\"lazy\" srcset=\"https:\/\/philliphiersemann.com\/wp-content\/uploads\/2025\/12\/2025_06_Innerhalb-Plakat_A2_V12-1-689x1024.jpg 689w, https:\/\/philliphiersemann.com\/wp-content\/uploads\/2025\/12\/2025_06_Innerhalb-Plakat_A2_V12-1-202x300.jpg 202w, https:\/\/philliphiersemann.com\/wp-content\/uploads\/2025\/12\/2025_06_Innerhalb-Plakat_A2_V12-1-scaled.jpg 1724w\" sizes=\"auto, (max-width: 689px) 100vw, 689px\" \/><\/div><\/div><\/div><\/div><div class=\"wpb_column vc_column_container\"><div class=\"vc_column-inner\"><div class=\"w-image align_none\"><div class=\"w-image-h\"><img loading=\"lazy\" decoding=\"async\" width=\"1024\" height=\"1024\" src=\"https:\/\/philliphiersemann.com\/wp-content\/uploads\/2025\/11\/2025_08_Phillip-Hiersemann_Innerhalb_Heck-art-hausIMG_4891-Kopie-1024x1024.jpg\" class=\"attachment-large size-large\" alt=\"\" loading=\"lazy\" srcset=\"https:\/\/philliphiersemann.com\/wp-content\/uploads\/2025\/11\/2025_08_Phillip-Hiersemann_Innerhalb_Heck-art-hausIMG_4891-Kopie-1024x1024.jpg 1024w, https:\/\/philliphiersemann.com\/wp-content\/uploads\/2025\/11\/2025_08_Phillip-Hiersemann_Innerhalb_Heck-art-hausIMG_4891-Kopie-300x300.jpg 300w, https:\/\/philliphiersemann.com\/wp-content\/uploads\/2025\/11\/2025_08_Phillip-Hiersemann_Innerhalb_Heck-art-hausIMG_4891-Kopie-150x150.jpg 150w\" sizes=\"auto, (max-width: 1024px) 100vw, 1024px\" \/><\/div><\/div><div class=\"w-separator size_medium\"><\/div><div class=\"wpb_text_column\"><div class=\"wpb_wrapper\"><p>Die Kunstserie INNERHALB widmet sich der Rekonstruktion der uns umgebenden Gegenst\u00e4nde und Produkte.<span class=\"Apple-converted-space\">\u00a0<\/span><\/p>\n<\/div><\/div><div class=\"w-separator size_medium\"><\/div><div class=\" ubtn-ctn-left \"><a class=\"ubtn-link ult-adjust-bottom-margin ubtn-left ubtn-normal \" href=\"https:\/\/philliphiersemann.com\/index.php\/art-photo\/\" title=\"ART PHOTO\" ><button type=\"button\" id=\"ubtn-9428\"  class=\"ubtn ult-adjust-bottom-margin ult-responsive ubtn-normal ubtn-no-hover-bg  none  ubtn-sep-icon ubtn-sep-icon-left-push  ubtn-shd  ubtn-left  shd-left tooltip-69e369b7be00d\"  data-hover=\"\" data-border-color=\"\" data-bg=\"#8224E3\" data-hover-bg=\"\" data-border-hover=\"\" data-shadow-hover=\"-5px 0 ;\" data-shadow-click=\"none\" data-shadow=\"-5px 0 ;\" data-shd-shadow=\"5\"  data-ultimate-target='#ubtn-9428'  data-responsive-json-new='{\"font-size\":\"\",\"line-height\":\"\"}'  style=\"font-weight:normal;border-radius:3px;border-width:1px;border-color:;border-style:solid;box-shadow: -5px 0 ;background: #8224E3;color: #FFFFFF;\"><span class=\"ubtn-data ubtn-icon\"><i class=\"Defaults-info\" style=\"font-size:12px;color:#FFFFFF;\"><\/i><\/span><span class=\"ubtn-hover\" style=\"background-color:\"><\/span><span class=\"ubtn-data ubtn-text \" >Erfahren Sie mehr<\/span><\/button><\/a><\/div><\/div><\/div><\/div><\/div><\/section><section class=\"l-section wpb_row height_medium\"><div class=\"l-section-h i-cf\"><div class=\"g-cols vc_row via_grid cols_2 laptops-cols_inherit tablets-cols_inherit mobiles-cols_1 valign_top type_default stacking_default\"><div class=\"wpb_column vc_column_container\"><div class=\"vc_column-inner\"><div class=\"w-image align_none\"><div class=\"w-image-h\"><img loading=\"lazy\" decoding=\"async\" width=\"683\" height=\"1024\" src=\"https:\/\/philliphiersemann.com\/wp-content\/uploads\/2025\/12\/2025_11_Phillip-Hiersemann_Landesarbeitsgericht_Bru\u0308cke_Chemnitz_dsc3876_1-683x1024.jpg\" class=\"attachment-large size-large\" alt=\"\" loading=\"lazy\" srcset=\"https:\/\/philliphiersemann.com\/wp-content\/uploads\/2025\/12\/2025_11_Phillip-Hiersemann_Landesarbeitsgericht_Bru\u0308cke_Chemnitz_dsc3876_1-683x1024.jpg 683w, https:\/\/philliphiersemann.com\/wp-content\/uploads\/2025\/12\/2025_11_Phillip-Hiersemann_Landesarbeitsgericht_Bru\u0308cke_Chemnitz_dsc3876_1-200x300.jpg 200w, https:\/\/philliphiersemann.com\/wp-content\/uploads\/2025\/12\/2025_11_Phillip-Hiersemann_Landesarbeitsgericht_Bru\u0308cke_Chemnitz_dsc3876_1-scaled.jpg 1707w\" sizes=\"auto, (max-width: 683px) 100vw, 683px\" \/><\/div><\/div><\/div><\/div><div class=\"wpb_column vc_column_container\"><div class=\"vc_column-inner\"><div class=\"wpb_text_column\"><div class=\"wpb_wrapper\"><p data-start=\"94\" data-end=\"500\">Die Pr\u00e4sentation der BR\u00dcCKE-Kassette fand am Samstag, den 7. Juni 2025, um 18:30 Uhr in den Kunstsammlungen Chemnitz statt.<br data-start=\"233\" data-end=\"236\" \/>In ihrer Begr\u00fc\u00dfung und Einf\u00fchrung widmete sich Florence Thurmes, Generaldirektorin der Kunstsammlungen Chemnitz, den BR\u00dcCKE-K\u00fcnstlern als Wegbereiter der Moderne sowie den neu geschaffenen Werken der K\u00fcnstlerinnen und K\u00fcnstler des Vereins <em data-start=\"479\" data-end=\"499\">Kunst f\u00fcr Chemnitz<\/em>.<\/p>\n<p data-start=\"502\" data-end=\"836\">F\u00fcr dieses Projekt entstanden zw\u00f6lf Grafiken in unterschiedlichen Techniken sowie eine dazugeh\u00f6rige, eigens gefertigte Kassette, gestaltet von K\u00fcnstlerinnen und K\u00fcnstlern des Vereins <em data-start=\"693\" data-end=\"713\">Kunst f\u00fcr Chemnitz<\/em>.<\/p>\n<\/div><\/div><div class=\"w-separator size_medium\"><\/div><div class=\" ubtn-ctn-left \"><a class=\"ubtn-link ult-adjust-bottom-margin ubtn-left ubtn-normal \" href=\"https:\/\/www.kunstsammlungen-chemnitz.de\/news\/neue-grafikmappe-des-vereins-kunst-fuer-chemnitz-e-v-13113\/\" title=\"Kunstsammlungen Chemnitz\" target=\"_blank\" rel=\"noopener\" ><button type=\"button\" id=\"ubtn-5097\"  class=\"ubtn ult-adjust-bottom-margin ult-responsive ubtn-normal ubtn-no-hover-bg  none  ubtn-sep-icon ubtn-sep-icon-left-push  ubtn-shd  ubtn-left  shd-left tooltip-69e369b7bf05c\"  data-hover=\"\" data-border-color=\"\" data-bg=\"#7B24E3\" data-hover-bg=\"\" data-border-hover=\"\" data-shadow-hover=\"-5px 0 ;\" data-shadow-click=\"none\" data-shadow=\"-5px 0 ;\" data-shd-shadow=\"5\"  data-ultimate-target='#ubtn-5097'  data-responsive-json-new='{\"font-size\":\"\",\"line-height\":\"\"}'  style=\"font-weight:normal;border-radius:3px;border-width:1px;border-color:;border-style:solid;box-shadow: -5px 0 ;background: #7B24E3;color: #FFFFFF;\"><span class=\"ubtn-data ubtn-icon\"><i class=\"Defaults-newspaper-o\" style=\"font-size:12px;color:#FFFFFF;\"><\/i><\/span><span class=\"ubtn-hover\" style=\"background-color:\"><\/span><span class=\"ubtn-data ubtn-text \" >Erfahren Sie mehr<\/span><\/button><\/a><\/div><\/div><\/div><\/div><\/div><\/section><section class=\"l-section wpb_row height_medium\"><div class=\"l-section-h i-cf\"><div class=\"g-cols vc_row via_grid cols_2 laptops-cols_inherit tablets-cols_inherit mobiles-cols_1 valign_top type_default stacking_default\"><div class=\"wpb_column vc_column_container\"><div class=\"vc_column-inner\"><div class=\"wpb_text_column\"><div class=\"wpb_wrapper\"><p>Vom 12. November 2025 bis zum 30. April 2026 werden in den R\u00e4umlichkeiten des S\u00e4chsischen Landesarbeitsgerichts und des Arbeitsgerichts Chemnitz Arbeiten mit <em data-start=\"267\" data-end=\"291\">\u00bbBr\u00fccke-Inspirationen\u00ab<\/em> pr\u00e4sentiert. Zu sehen sind Werke der Chemnitzer K\u00fcnstlerinnen und K\u00fcnstler Dagmar Ranft-Schinke, Gregor Torsten Kozik, Osmar Osten, Steffen Volmer, Klaus S\u00fc\u00df, Thomas Ranft, Dagmar Zemke, Peter Kallfels, Dieter Wuschanski, Frank Maibier, Jiang Bian-Harbort und Phillip Hiersemann.<\/p>\n<p>Zur Er\u00f6ffnung sprach Frau Dr. Florence Thurmes, Generaldirektorin der Kunstsammlungen Chemnitz, Dirk E. Kirst,<br \/>\n,Pr\u00e4sident des S\u00e4chsischen Landesarbeitsgerichts, Hilmar Toelle, Direktor des Arbeitsgerichts Chemnitz, Dr. Peggy Atanassov, Vorsitzende Richterin am S\u00e4chsischen Landesarbeitsgericht und Andreas Pitsch,Vorsitzender des F\u00f6rdervereins \u201eKunst fu\u0308r Chemnitz e.V.\u201c und Rechtsanwalt.<br \/>\nMusikalisch wurde die Veranstaltung von einem Quartett der Robert-Schumann-Philharmonie unter der Leitung der 1. Konzertmeisterin Heidrun Sandmann-Poscharsky umrahmt.<\/p>\n<\/div><\/div><div class=\"w-separator size_medium\"><\/div><div class=\" ubtn-ctn-left \"><a class=\"ubtn-link ult-adjust-bottom-margin ubtn-left ubtn-normal \" href=\"https:\/\/www.medienservice.sachsen.de\/medien\/news\/1092168\" title=\"Arbeitsgericht Chemnitz\" target=\"_blank\" rel=\"noopener\" ><button type=\"button\" id=\"ubtn-1463\"  class=\"ubtn ult-adjust-bottom-margin ult-responsive ubtn-normal ubtn-no-hover-bg  none  ubtn-sep-icon ubtn-sep-icon-left-push  ubtn-shd  ubtn-left  shd-left tooltip-69e369b7bf93f\"  data-hover=\"\" data-border-color=\"\" data-bg=\"#7B24E3\" data-hover-bg=\"\" data-border-hover=\"\" data-shadow-hover=\"-5px 0 ;\" data-shadow-click=\"none\" data-shadow=\"-5px 0 ;\" data-shd-shadow=\"5\"  data-ultimate-target='#ubtn-1463'  data-responsive-json-new='{\"font-size\":\"\",\"line-height\":\"\"}'  style=\"font-weight:normal;border-radius:3px;border-width:1px;border-color:;border-style:solid;box-shadow: -5px 0 ;background: #7B24E3;color: #FFFFFF;\"><span class=\"ubtn-data ubtn-icon\"><i class=\"Defaults-newspaper-o\" style=\"font-size:12px;color:#FFFFFF;\"><\/i><\/span><span class=\"ubtn-hover\" style=\"background-color:\"><\/span><span class=\"ubtn-data ubtn-text \" >Erfahren Sie mehr<\/span><\/button><\/a><\/div><\/div><\/div><div class=\"wpb_column vc_column_container\"><div class=\"vc_column-inner\"><div class=\"w-slider style_none fit_scaledown nav_none count_5\"><div class=\"w-slider-h\"><div class=\"royalSlider\"><div class=\"rsContent\"><a class=\"rsImg\" data-rsw=\"1024\" data-rsh=\"683\" href=\"https:\/\/philliphiersemann.com\/wp-content\/uploads\/2025\/12\/2025_11_Phillip-Hiersemann_Landesarbeitsgericht_Bru\u0308cke_Chemnitz_dsc3943_1-1024x683.jpg\"><span data-alt=\"\"><\/span><\/a><\/div><div class=\"rsContent\"><a class=\"rsImg\" data-rsw=\"1024\" data-rsh=\"683\" href=\"https:\/\/philliphiersemann.com\/wp-content\/uploads\/2025\/12\/2025_11_Phillip-Hiersemann_Landesarbeitsgericht_Bru\u0308cke_Chemnitz_dsc3874_1-1024x683.jpg\"><span data-alt=\"\"><\/span><\/a><\/div><div class=\"rsContent\"><a class=\"rsImg\" data-rsw=\"1024\" data-rsh=\"683\" href=\"https:\/\/philliphiersemann.com\/wp-content\/uploads\/2025\/12\/2025_11_Phillip-Hiersemann_Landesarbeitsgericht_Bru\u0308cke_Chemnitz_dsc3888_1-1024x683.jpg\"><span data-alt=\"\"><\/span><\/a><\/div><div class=\"rsContent\"><a class=\"rsImg\" data-rsw=\"1024\" data-rsh=\"683\" href=\"https:\/\/philliphiersemann.com\/wp-content\/uploads\/2025\/12\/2025_11_Phillip-Hiersemann_Landesarbeitsgericht_Bru\u0308cke_Chemnitz_dsc3912_1-1024x683.jpg\"><span data-alt=\"\"><\/span><\/a><\/div><div class=\"rsContent\"><a class=\"rsImg\" data-rsw=\"1024\" data-rsh=\"683\" href=\"https:\/\/philliphiersemann.com\/wp-content\/uploads\/2025\/12\/2025_11_Phillip-Hiersemann_Landesarbeitsgericht_Bru\u0308cke_Chemnitz_dsc3971_1-1024x683.jpg\"><span data-alt=\"\"><\/span><\/a><\/div><\/div><img loading=\"lazy\" decoding=\"async\" src=\"https:\/\/philliphiersemann.com\/wp-content\/uploads\/2025\/12\/2025_11_Phillip-Hiersemann_Landesarbeitsgericht_Bru\u0308cke_Chemnitz_dsc3943_1-1024x683.jpg\" width=\"1024\" height=\"683\" alt loading=\"lazy\"><\/div><div class=\"w-slider-json\" onclick='return {&quot;autoScaleSlider&quot;:true,&quot;addActiveClass&quot;:true,&quot;loop&quot;:true,&quot;fadeInLoadedSlide&quot;:false,&quot;slidesSpacing&quot;:0,&quot;imageScalePadding&quot;:0,&quot;numImagesToPreload&quot;:2,&quot;arrowsNav&quot;:true,&quot;arrowsNavAutoHide&quot;:false,&quot;transitionType&quot;:&quot;move&quot;,&quot;transitionSpeed&quot;:250,&quot;block&quot;:{&quot;moveEffect&quot;:&quot;none&quot;,&quot;speed&quot;:300},&quot;thumbs&quot;:{&quot;fitInViewport&quot;:false,&quot;firstMargin&quot;:false,&quot;spacing&quot;:4},&quot;controlNavigation&quot;:&quot;none&quot;,&quot;autoScaleSliderWidth&quot;:1024,&quot;autoScaleSliderHeight&quot;:683}'><\/div><\/div><\/div><\/div><\/div><\/div><\/section>\n","protected":false},"excerpt":{"rendered":"Am Donnerstag den 27.11.2025 findet ab 19.00 Uhr die Vernissage der diesj\u00e4hrigen Weihnachtsausstellung in der Heck-Art-Galerie statt. Das Thema 12+12 zeigt Positionen der 12 K\u00fcnstler des Vereins und 12 Positionen von Gast-K\u00fcnstlern. Die Ausstellung &#8222;Allerdings UNGESEHEN&#8220; zeigt Arbeiten von 10 K\u00fcnstlern, vom Verein Kunst f\u00fcr Chemnitz \u00a0in den R\u00e4umlichkeiten des Sporthochhauses in der Chemnitzer Innenstadt...","protected":false},"author":1,"featured_media":0,"parent":0,"menu_order":0,"comment_status":"closed","ping_status":"closed","template":"","meta":{"footnotes":""},"class_list":["post-14","page","type-page","status-publish","hentry"],"_links":{"self":[{"href":"https:\/\/philliphiersemann.com\/index.php\/wp-json\/wp\/v2\/pages\/14","targetHints":{"allow":["GET"]}}],"collection":[{"href":"https:\/\/philliphiersemann.com\/index.php\/wp-json\/wp\/v2\/pages"}],"about":[{"href":"https:\/\/philliphiersemann.com\/index.php\/wp-json\/wp\/v2\/types\/page"}],"author":[{"embeddable":true,"href":"https:\/\/philliphiersemann.com\/index.php\/wp-json\/wp\/v2\/users\/1"}],"replies":[{"embeddable":true,"href":"https:\/\/philliphiersemann.com\/index.php\/wp-json\/wp\/v2\/comments?post=14"}],"version-history":[{"count":21,"href":"https:\/\/philliphiersemann.com\/index.php\/wp-json\/wp\/v2\/pages\/14\/revisions"}],"predecessor-version":[{"id":218,"href":"https:\/\/philliphiersemann.com\/index.php\/wp-json\/wp\/v2\/pages\/14\/revisions\/218"}],"wp:attachment":[{"href":"https:\/\/philliphiersemann.com\/index.php\/wp-json\/wp\/v2\/media?parent=14"}],"curies":[{"name":"wp","href":"https:\/\/api.w.org\/{rel}","templated":true}]}}