{"id":42,"date":"2025-04-03T14:22:33","date_gmt":"2025-04-03T14:22:33","guid":{"rendered":"https:\/\/philliphiersemann.com\/?page_id=42"},"modified":"2025-04-03T14:22:33","modified_gmt":"2025-04-03T14:22:33","slug":"datenschutz","status":"publish","type":"page","link":"https:\/\/philliphiersemann.com\/index.php\/datenschutz\/","title":{"rendered":"Datenschutz"},"content":{"rendered":"<h2>Datenschutz<\/h2>\n<p><strong>Stand Mai 2025<\/strong><\/p>\n<p><strong>Allgemeines<\/strong><\/p>\n<p>Die Nutzung unserer Internetseite ist ohne Angabe personenbezogener Daten m\u00f6glich. Personenbezogene Daten wie Name, Anschrift, email-Adresse, Telefonnummer werden lediglich in Kontaktformularen auf freiwilliger Basis angefordert. Diese Daten ben\u00f6tigen wir, um mit Ihnen wiederum Kontakt aufzunehmen, zum Beispiel f\u00fcr die Zusendung eines Angebotes. Diese Daten werden ohne Ihre ausdr\u00fcckliche Zustimmung nicht an Dritte weitergegeben.<\/p>\n<p>Wir weisen darauf hin, dass die Daten\u00fcbertragung im Internet Sicherheitsl\u00fccken aufweisen kann. Ein l\u00fcckenloser Schutz der Daten vor dem Zugriff durch Dritte ist nicht m\u00f6glich.<\/p>\n<p>Der Nutzung von im Rahmen der Impressumspflicht ver\u00f6ffentlichten Kontaktdaten durch Dritte zur \u00dcbersendung von nicht ausdr\u00fccklich angeforderter Werbung und Informationsmaterialien wird hiermit ausdr\u00fccklich widersprochen. Die Betreiber der Seiten behalten sich ausdr\u00fccklich rechtliche Schritte im Falle der unverlangten Zusendung von Werbeinformationen, etwa durch Spam-Mails, vor.<\/p>\n<p><strong>Datenschutzbeauftragter<\/strong><\/p>\n<p>Weitergehende Fragen zum Thema Datenschutz beantworten wir Ihnen gern. Wenn Sie zu einem Punkt weitere Informationen w\u00fcnschen, wenden Sie sich bitte an unseren Datenschutzbeauftragten.<\/p>\n<p>Phillip Hiersemann |<\/p>\n<p><strong>Hinweis gem\u00e4\u00df Verbraucherstreitbeteiligungsgesetz (VSBG):<\/strong><\/p>\n<p>Der Verk\u00e4ufer wird nicht an einem Streitbeilegungsverfahren vor einer Verbraucherschlichtungsstelle im Sinne des VSBG teilnehmen und ist hierzu auch nicht verpflichtet.<\/p>\n<h3>Informationspflicht gem\u00e4\u00df Artikel 13 DSGVO:<\/h3>\n<p><em>Kontaktdaten des Verantwortlichen:<\/em><br \/>\nPhillip Hiersemann<\/p>\n<p><em>Kontaktdaten Datenschutzbeauftragter:<\/em><br \/>\nPhillip Hiersemann |<\/p>\n<p><em>Rechtsgrundlage f\u00fcr die Verarbeitung:<\/em><br \/>\nWir speichern und verarbeiten Kundendaten, um die uns erteilten Auftr\u00e4ge ausf\u00fchren zu k\u00f6nnen: Erstellung von Angeboten, Erstellung von Kostenvoranschl\u00e4gen, Bestellung von Anlagen und Komponenten, Bestellungen von Ersatzteilen und Zubeh\u00f6r, Reparatur und Wartung, Erstellung von Verkaufs- und Wartungsvertr\u00e4gen.<\/p>\n<p><em>Verarbeitung von Daten im Rahmen der Kundenbetreuung:<\/em><br \/>\nWir nutzen die Daten unserer Kunden auch im Rahmen der Kundenbetreuung und senden pers\u00f6nlich zugeschnittene Kundeninformationen zu. Dazu z\u00e4hlen wir zum Beispiel Erinnerungen an notwendige Inspektionen und Wartungen, Zusendung von Terminvereinbarungen, Produktinformationen.<\/p>\n<p><em>Empf\u00e4nger der Daten:<\/em><br \/>\nJe nach Rechtsgrundlage f\u00fcr die Verarbeitung werden die gespeicherten Daten intern an die mit der Auftragsbearbeitung befassten Personen und Abteilungen weiter gegeben. Sollten hierf\u00fcr auch externe Dienstleister und Lieferanten notwendig sein, werden die Daten auch an diese \u00fcbertragen.<\/p>\n<p><em>\u00dcbermittlung in Drittl\u00e4nder:<\/em><br \/>\nDie \u00dcbermittlung von Daten in Drittl\u00e4nder erfolgt nicht.<\/p>\n<p><em>Dauer der Speicherung:<\/em><br \/>\nDie bei uns gespeicherten Daten werden entsprechend der gesetzlichen Aufbewahrungsfristen vorgehalten.<\/p>\n<p><em>Auskunftsrecht:<\/em><br \/>\nDer Betroffene hat das Recht auf Auskunft (Artikel 15 DSGVO), das Recht auf Berichtigung (Artikel 16) oder L\u00f6schung (Artikel 17), das Recht auf Einschr\u00e4nkung der Verarbeitung oder eines Widerspruchsrechtes (Artikel 18) sowie das Recht auf Daten\u00fcbertragbarkeit (Artikel 20).<\/p>\n<p><em>Einwilligung:<\/em><br \/>\nDie Speicherung und Verarbeitung unserer Kundendaten beruht auf der Einwilligung unserer Kunden. Die Kunden haben jederzeit das Recht auf den Widerruf dieser Einwilligung.<\/p>\n<p><em>Beschwerderecht:<\/em><br \/>\nLandesbeauftragter f\u00fcr den Datenschutz Sachsen-Anhalt:<\/p>\n<p>Dr. Harald von Bose<\/p>\n<p><span class=\"LrzXr\">Leiterstra\u00dfe 9, 39104 Magdeburg<\/span><br \/>\nPostadresse: Postfach 1947, 39009 Magdeburg<br \/>\nTelefon: 0391 81803-0<br \/>\nfreecall: 0800 9153190 (Festnetz der <abbr title=\"Deutsche Telekom AG\">DTAG<\/abbr>)<br \/>\nTelefax: 0391 81803-33<br \/>\nE-Mail:\u00a0\u00a0<a class=\"mail\" title=\"Unter diesem Link k\u00f6nnen Sie eine E-Mail verfassen\">poststelle(at)lfd.sachsen-anhalt.de<\/a>.<a href=\"mailto:saechsdsb@slt.sachsen.de\"><br \/>\n<\/a>Internet:\u00a0https:\/\/datenschutz.sachsen-anhalt.de\/<a href=\"http:\/\/www.saechsdsb.de\/\"><br \/>\n<\/a><\/p>\n<div id=\"c4140\" class=\"csc-default\">\n<div class=\"csc-textpic csc-textpic-intext-right-nowrap csc-textpic-intext-right-nowrap-222\">\n<div class=\"csc-textpic-text\">\n<div class=\"csc-textpicHeader csc-textpicHeader-25\"><\/div>\n<\/div>\n<\/div>\n<\/div>\n<p><em>Notwendigkeit:<\/em><br \/>\nDie Bereitstellung von Daten ist notwendig, um die vertraglichen Anforderungen zu erf\u00fcllen.<\/p>\n<p><em>Automatisierte Entscheidungsfindung:<\/em><br \/>\nEine automatisierte Entscheidungsfindung (z.B. Pfofiling oder Scoring) erfolgt nicht.<\/p>\n","protected":false},"excerpt":{"rendered":"<p>Datenschutz Stand Mai 2025 Allgemeines Die Nutzung unserer Internetseite ist ohne Angabe personenbezogener Daten m\u00f6glich. Personenbezogene Daten wie Name, Anschrift, email-Adresse, Telefonnummer werden lediglich in Kontaktformularen auf freiwilliger Basis angefordert. Diese Daten ben\u00f6tigen wir, um mit Ihnen wiederum Kontakt aufzunehmen, zum Beispiel f\u00fcr die Zusendung eines Angebotes. Diese Daten werden ohne Ihre ausdr\u00fcckliche Zustimmung nicht&#8230;<\/p>\n","protected":false},"author":1,"featured_media":0,"parent":0,"menu_order":0,"comment_status":"closed","ping_status":"closed","template":"","meta":{"footnotes":""},"class_list":["post-42","page","type-page","status-publish","hentry"],"_links":{"self":[{"href":"https:\/\/philliphiersemann.com\/index.php\/wp-json\/wp\/v2\/pages\/42","targetHints":{"allow":["GET"]}}],"collection":[{"href":"https:\/\/philliphiersemann.com\/index.php\/wp-json\/wp\/v2\/pages"}],"about":[{"href":"https:\/\/philliphiersemann.com\/index.php\/wp-json\/wp\/v2\/types\/page"}],"author":[{"embeddable":true,"href":"https:\/\/philliphiersemann.com\/index.php\/wp-json\/wp\/v2\/users\/1"}],"replies":[{"embeddable":true,"href":"https:\/\/philliphiersemann.com\/index.php\/wp-json\/wp\/v2\/comments?post=42"}],"version-history":[{"count":3,"href":"https:\/\/philliphiersemann.com\/index.php\/wp-json\/wp\/v2\/pages\/42\/revisions"}],"predecessor-version":[{"id":45,"href":"https:\/\/philliphiersemann.com\/index.php\/wp-json\/wp\/v2\/pages\/42\/revisions\/45"}],"wp:attachment":[{"href":"https:\/\/philliphiersemann.com\/index.php\/wp-json\/wp\/v2\/media?parent=42"}],"curies":[{"name":"wp","href":"https:\/\/api.w.org\/{rel}","templated":true}]}}