{"id":73,"date":"2025-09-10T06:03:12","date_gmt":"2025-09-10T06:03:12","guid":{"rendered":"https:\/\/philliphiersemann.com\/?page_id=73"},"modified":"2025-12-19T15:27:39","modified_gmt":"2025-12-19T15:27:39","slug":"art-photo","status":"publish","type":"page","link":"https:\/\/philliphiersemann.com\/index.php\/art-photo\/","title":{"rendered":"ART PHOTO"},"content":{"rendered":"<section class=\"l-section wpb_row height_medium\"><div class=\"l-section-h i-cf\"><div class=\"g-cols vc_row via_grid cols_1 laptops-cols_inherit tablets-cols_inherit mobiles-cols_1 valign_top type_default stacking_default\"><div class=\"wpb_column vc_column_container\"><div class=\"vc_column-inner\"><div class=\"w-image align_none\"><div class=\"w-image-h\"><img loading=\"lazy\" decoding=\"async\" width=\"1024\" height=\"1019\" src=\"https:\/\/philliphiersemann.com\/wp-content\/uploads\/2025\/12\/2025_11_Phillip-Hiersemann_Konstruktion-der-Pflanzen_Mohn_Nadelkissen_Interieur-1024x1019.jpg\" class=\"attachment-large size-large\" alt=\"\" loading=\"lazy\" srcset=\"https:\/\/philliphiersemann.com\/wp-content\/uploads\/2025\/12\/2025_11_Phillip-Hiersemann_Konstruktion-der-Pflanzen_Mohn_Nadelkissen_Interieur-1024x1019.jpg 1024w, https:\/\/philliphiersemann.com\/wp-content\/uploads\/2025\/12\/2025_11_Phillip-Hiersemann_Konstruktion-der-Pflanzen_Mohn_Nadelkissen_Interieur-300x298.jpg 300w, https:\/\/philliphiersemann.com\/wp-content\/uploads\/2025\/12\/2025_11_Phillip-Hiersemann_Konstruktion-der-Pflanzen_Mohn_Nadelkissen_Interieur-150x150.jpg 150w\" sizes=\"auto, (max-width: 1024px) 100vw, 1024px\" \/><\/div><\/div><\/div><\/div><\/div><\/div><\/section><section class=\"l-section wpb_row height_medium\"><div class=\"l-section-h i-cf\"><div class=\"g-cols vc_row via_grid cols_2-1 laptops-cols_inherit tablets-cols_inherit mobiles-cols_1 valign_top type_default stacking_default\"><div class=\"wpb_column vc_column_container\"><div class=\"vc_column-inner\"><div class=\"wpb_text_column\"><div class=\"wpb_wrapper\"><h5>Die Konstruktion der Pflanzen<\/h5>\n<\/div><\/div><div class=\"w-separator size_medium\"><\/div><div class=\"wpb_text_column\"><div class=\"wpb_wrapper\"><h6><b>Die Suche nach neuen Ans\u00e4tzen der zeitgen\u00f6ssischen Fotografie lie\u00df Phillip Hiersemann zum Kern gesellschaftlich verankerter Sehns\u00fcchte vordringen. Sukzessive zergliedert er Gegenst\u00e4nde des Alltags, die als Metaphern f\u00fcr Sch\u00f6nheit, Sicherheit und Gl\u00fcck fungieren, um ihren Ursprung freizulegen und ihr Wesen festzuhalten. Die handwerkliche Pr\u00e4zision verdanken die Arbeiten Hiersemanns langj\u00e4hriger Erfahrung in der professionellen Produktfotografie. <\/b><b>Seit 2015 macht er sich die dort kultivierte Perfektion auch in freien k\u00fcnstlerischen Projekten zu Nutze.<\/b><\/h6>\n<\/div><\/div><div class=\"w-separator size_small\"><\/div><div class=\"wpb_text_column\"><div class=\"wpb_wrapper\"><h6><b><\/b><b><\/b><b>Katharina Lorenz<\/b><\/h6>\n<\/div><\/div><\/div><\/div><div class=\"wpb_column vc_column_container\"><div class=\"vc_column-inner\"><\/div><\/div><\/div><\/div><\/section><section class=\"l-section wpb_row height_medium\"><div class=\"l-section-h i-cf\"><div class=\"g-cols vc_row via_grid cols_4 laptops-cols_inherit tablets-cols_inherit mobiles-cols_1 valign_top type_default stacking_default\"><div class=\"wpb_column vc_column_container\"><div class=\"vc_column-inner\"><div class=\"w-image align_none\"><div class=\"w-image-h\"><img loading=\"lazy\" decoding=\"async\" width=\"200\" height=\"300\" src=\"https:\/\/philliphiersemann.com\/wp-content\/uploads\/2025\/09\/Phillpi-Hiersemann_Rose-Red-Naomi_MG_4093_60x90cm-Kopie-200x300.jpg\" class=\"attachment-medium size-medium\" alt=\"\" loading=\"lazy\" srcset=\"https:\/\/philliphiersemann.com\/wp-content\/uploads\/2025\/09\/Phillpi-Hiersemann_Rose-Red-Naomi_MG_4093_60x90cm-Kopie-200x300.jpg 200w, https:\/\/philliphiersemann.com\/wp-content\/uploads\/2025\/09\/Phillpi-Hiersemann_Rose-Red-Naomi_MG_4093_60x90cm-Kopie-683x1024.jpg 683w, https:\/\/philliphiersemann.com\/wp-content\/uploads\/2025\/09\/Phillpi-Hiersemann_Rose-Red-Naomi_MG_4093_60x90cm-Kopie-scaled.jpg 1707w\" sizes=\"auto, (max-width: 200px) 100vw, 200px\" \/><\/div><\/div><\/div><\/div><div class=\"wpb_column vc_column_container\"><div class=\"vc_column-inner\"><div class=\"w-image align_none\"><div class=\"w-image-h\"><img loading=\"lazy\" decoding=\"async\" width=\"216\" height=\"300\" src=\"https:\/\/philliphiersemann.com\/wp-content\/uploads\/2025\/09\/2019_08_KdP_Mohn_Phillip-Hiersemann_DSC0593_oE_A4-Kopie-216x300.jpg\" class=\"attachment-medium size-medium\" alt=\"\" loading=\"lazy\" srcset=\"https:\/\/philliphiersemann.com\/wp-content\/uploads\/2025\/09\/2019_08_KdP_Mohn_Phillip-Hiersemann_DSC0593_oE_A4-Kopie-216x300.jpg 216w, https:\/\/philliphiersemann.com\/wp-content\/uploads\/2025\/09\/2019_08_KdP_Mohn_Phillip-Hiersemann_DSC0593_oE_A4-Kopie-738x1024.jpg 738w, https:\/\/philliphiersemann.com\/wp-content\/uploads\/2025\/09\/2019_08_KdP_Mohn_Phillip-Hiersemann_DSC0593_oE_A4-Kopie-scaled.jpg 1844w\" sizes=\"auto, (max-width: 216px) 100vw, 216px\" \/><\/div><\/div><\/div><\/div><div class=\"wpb_column vc_column_container\"><div class=\"vc_column-inner\"><div class=\"w-image align_none\"><div class=\"w-image-h\"><img loading=\"lazy\" decoding=\"async\" width=\"200\" height=\"300\" src=\"https:\/\/philliphiersemann.com\/wp-content\/uploads\/2025\/09\/Phillip-Hiersemann_Anemone_MG_4080_1oe_60x90cm_1-Kopie-200x300.jpg\" class=\"attachment-medium size-medium\" alt=\"\" loading=\"lazy\" srcset=\"https:\/\/philliphiersemann.com\/wp-content\/uploads\/2025\/09\/Phillip-Hiersemann_Anemone_MG_4080_1oe_60x90cm_1-Kopie-200x300.jpg 200w, https:\/\/philliphiersemann.com\/wp-content\/uploads\/2025\/09\/Phillip-Hiersemann_Anemone_MG_4080_1oe_60x90cm_1-Kopie-683x1024.jpg 683w, https:\/\/philliphiersemann.com\/wp-content\/uploads\/2025\/09\/Phillip-Hiersemann_Anemone_MG_4080_1oe_60x90cm_1-Kopie-scaled.jpg 1707w\" sizes=\"auto, (max-width: 200px) 100vw, 200px\" \/><\/div><\/div><\/div><\/div><div class=\"wpb_column vc_column_container\"><div class=\"vc_column-inner\"><div class=\"w-image align_none\"><div class=\"w-image-h\"><img loading=\"lazy\" decoding=\"async\" width=\"200\" height=\"300\" src=\"https:\/\/philliphiersemann.com\/wp-content\/uploads\/2025\/09\/Phillpi-Hiersemann_Protea-Silvia_MG_4852_60x90cm-Kopie-200x300.jpg\" class=\"attachment-medium size-medium\" alt=\"\" loading=\"lazy\" srcset=\"https:\/\/philliphiersemann.com\/wp-content\/uploads\/2025\/09\/Phillpi-Hiersemann_Protea-Silvia_MG_4852_60x90cm-Kopie-200x300.jpg 200w, https:\/\/philliphiersemann.com\/wp-content\/uploads\/2025\/09\/Phillpi-Hiersemann_Protea-Silvia_MG_4852_60x90cm-Kopie-682x1024.jpg 682w, https:\/\/philliphiersemann.com\/wp-content\/uploads\/2025\/09\/Phillpi-Hiersemann_Protea-Silvia_MG_4852_60x90cm-Kopie-scaled.jpg 1706w\" sizes=\"auto, (max-width: 200px) 100vw, 200px\" \/><\/div><\/div><\/div><\/div><\/div><\/div><\/section><section class=\"l-section wpb_row height_medium\"><div class=\"l-section-h i-cf\"><div class=\"g-cols vc_row via_grid cols_2 laptops-cols_inherit tablets-cols_inherit mobiles-cols_1 valign_top type_default stacking_default\"><div class=\"wpb_column vc_column_container\"><div class=\"vc_column-inner\"><div class=\"w-image align_none\"><div class=\"w-image-h\"><img loading=\"lazy\" decoding=\"async\" width=\"1024\" height=\"683\" src=\"https:\/\/philliphiersemann.com\/wp-content\/uploads\/2025\/12\/2025_09_Phillip-Hiersemann_Katalog_KdP_dsc3427-1024x683.jpg\" class=\"attachment-large size-large\" alt=\"\" loading=\"lazy\" srcset=\"https:\/\/philliphiersemann.com\/wp-content\/uploads\/2025\/12\/2025_09_Phillip-Hiersemann_Katalog_KdP_dsc3427-1024x683.jpg 1024w, https:\/\/philliphiersemann.com\/wp-content\/uploads\/2025\/12\/2025_09_Phillip-Hiersemann_Katalog_KdP_dsc3427-300x200.jpg 300w\" sizes=\"auto, (max-width: 1024px) 100vw, 1024px\" \/><\/div><\/div><div class=\"w-separator size_small\"><\/div><div class=\"w-image align_none\"><div class=\"w-image-h\"><img loading=\"lazy\" decoding=\"async\" width=\"1024\" height=\"683\" src=\"https:\/\/philliphiersemann.com\/wp-content\/uploads\/2025\/12\/2025_09_Phillip-Hiersemann_Katalog_KdP_dsc3442-1024x683.jpg\" class=\"attachment-large size-large\" alt=\"\" loading=\"lazy\" srcset=\"https:\/\/philliphiersemann.com\/wp-content\/uploads\/2025\/12\/2025_09_Phillip-Hiersemann_Katalog_KdP_dsc3442-1024x683.jpg 1024w, https:\/\/philliphiersemann.com\/wp-content\/uploads\/2025\/12\/2025_09_Phillip-Hiersemann_Katalog_KdP_dsc3442-300x200.jpg 300w\" sizes=\"auto, (max-width: 1024px) 100vw, 1024px\" \/><\/div><\/div><div class=\"w-separator size_small\"><\/div><div class=\"w-image align_none\"><div class=\"w-image-h\"><img loading=\"lazy\" decoding=\"async\" width=\"1024\" height=\"683\" src=\"https:\/\/philliphiersemann.com\/wp-content\/uploads\/2025\/12\/2025_09_Phillip-Hiersemann_Katalog_KdP_dsc3439-1-1024x683.jpg\" class=\"attachment-large size-large\" alt=\"\" loading=\"lazy\" srcset=\"https:\/\/philliphiersemann.com\/wp-content\/uploads\/2025\/12\/2025_09_Phillip-Hiersemann_Katalog_KdP_dsc3439-1-1024x683.jpg 1024w, https:\/\/philliphiersemann.com\/wp-content\/uploads\/2025\/12\/2025_09_Phillip-Hiersemann_Katalog_KdP_dsc3439-1-300x200.jpg 300w\" sizes=\"auto, (max-width: 1024px) 100vw, 1024px\" \/><\/div><\/div><div class=\"w-separator size_small\"><\/div><div class=\"w-image align_none\"><div class=\"w-image-h\"><img loading=\"lazy\" decoding=\"async\" width=\"1024\" height=\"683\" src=\"https:\/\/philliphiersemann.com\/wp-content\/uploads\/2025\/12\/2025_09_Phillip-Hiersemann_Katalog_KdP_dsc3453-1024x683.jpg\" class=\"attachment-large size-large\" alt=\"\" loading=\"lazy\" srcset=\"https:\/\/philliphiersemann.com\/wp-content\/uploads\/2025\/12\/2025_09_Phillip-Hiersemann_Katalog_KdP_dsc3453-1024x683.jpg 1024w, https:\/\/philliphiersemann.com\/wp-content\/uploads\/2025\/12\/2025_09_Phillip-Hiersemann_Katalog_KdP_dsc3453-300x200.jpg 300w\" sizes=\"auto, (max-width: 1024px) 100vw, 1024px\" \/><\/div><\/div><div class=\"w-separator size_small\"><\/div><div class=\"wpb_text_column\"><div class=\"wpb_wrapper\"><p>Die Konstruktion der Pflanzen<br \/>\nFotografien von Phillip Hiersemann<\/p>\n<p>ISBN 978-3-949528-06-4<br \/>\nLayout &amp; Lektorat Phillip Hiersemann<br \/>\nVorwort Katharina Lorenz<br \/>\n80 Seiten<\/p>\n<p>\u00a9 2025 Hochsitz Verlag<\/p>\n<\/div><\/div><\/div><\/div><div class=\"wpb_column vc_column_container\"><div class=\"vc_column-inner\"><div class=\"w-image align_none\"><div class=\"w-image-h\"><img loading=\"lazy\" decoding=\"async\" width=\"1024\" height=\"683\" src=\"https:\/\/philliphiersemann.com\/wp-content\/uploads\/2025\/12\/2025_09_Phillip-Hiersemann_Katalog_KdP_dsc3432-1024x683.jpg\" class=\"attachment-large size-large\" alt=\"\" loading=\"lazy\" srcset=\"https:\/\/philliphiersemann.com\/wp-content\/uploads\/2025\/12\/2025_09_Phillip-Hiersemann_Katalog_KdP_dsc3432-1024x683.jpg 1024w, https:\/\/philliphiersemann.com\/wp-content\/uploads\/2025\/12\/2025_09_Phillip-Hiersemann_Katalog_KdP_dsc3432-300x200.jpg 300w\" sizes=\"auto, (max-width: 1024px) 100vw, 1024px\" \/><\/div><\/div><div class=\"w-separator size_small\"><\/div><div class=\"w-image align_none\"><div class=\"w-image-h\"><img loading=\"lazy\" decoding=\"async\" width=\"1024\" height=\"683\" src=\"https:\/\/philliphiersemann.com\/wp-content\/uploads\/2025\/12\/2025_09_Phillip-Hiersemann_Katalog_KdP_dsc3465-1024x683.jpg\" class=\"attachment-large size-large\" alt=\"\" loading=\"lazy\" srcset=\"https:\/\/philliphiersemann.com\/wp-content\/uploads\/2025\/12\/2025_09_Phillip-Hiersemann_Katalog_KdP_dsc3465-1024x683.jpg 1024w, https:\/\/philliphiersemann.com\/wp-content\/uploads\/2025\/12\/2025_09_Phillip-Hiersemann_Katalog_KdP_dsc3465-300x200.jpg 300w\" sizes=\"auto, (max-width: 1024px) 100vw, 1024px\" \/><\/div><\/div><div class=\"w-separator size_small\"><\/div><div class=\"w-image align_none\"><div class=\"w-image-h\"><img loading=\"lazy\" decoding=\"async\" width=\"1024\" height=\"683\" src=\"https:\/\/philliphiersemann.com\/wp-content\/uploads\/2025\/12\/2025_09_Phillip-Hiersemann_Katalog_KdP_dsc3444-1024x683.jpg\" class=\"attachment-large size-large\" alt=\"\" loading=\"lazy\" srcset=\"https:\/\/philliphiersemann.com\/wp-content\/uploads\/2025\/12\/2025_09_Phillip-Hiersemann_Katalog_KdP_dsc3444-1024x683.jpg 1024w, https:\/\/philliphiersemann.com\/wp-content\/uploads\/2025\/12\/2025_09_Phillip-Hiersemann_Katalog_KdP_dsc3444-300x200.jpg 300w\" sizes=\"auto, (max-width: 1024px) 100vw, 1024px\" \/><\/div><\/div><div class=\"w-separator size_small\"><\/div><div class=\"w-image align_none\"><div class=\"w-image-h\"><img loading=\"lazy\" decoding=\"async\" width=\"1024\" height=\"683\" src=\"https:\/\/philliphiersemann.com\/wp-content\/uploads\/2025\/12\/2025_09_Phillip-Hiersemann_Katalog_KdP_dsc3474-1024x683.jpg\" class=\"attachment-large size-large\" alt=\"\" loading=\"lazy\" srcset=\"https:\/\/philliphiersemann.com\/wp-content\/uploads\/2025\/12\/2025_09_Phillip-Hiersemann_Katalog_KdP_dsc3474-1024x683.jpg 1024w, https:\/\/philliphiersemann.com\/wp-content\/uploads\/2025\/12\/2025_09_Phillip-Hiersemann_Katalog_KdP_dsc3474-300x200.jpg 300w\" sizes=\"auto, (max-width: 1024px) 100vw, 1024px\" \/><\/div><\/div><\/div><\/div><\/div><\/div><\/section><section class=\"l-section wpb_row height_medium\"><div class=\"l-section-h i-cf\"><div class=\"g-cols vc_row via_grid cols_1 laptops-cols_inherit tablets-cols_inherit mobiles-cols_1 valign_top type_default stacking_default\"><div class=\"wpb_column vc_column_container\"><div class=\"vc_column-inner\"><div class=\"w-image align_none\"><div class=\"w-image-h\"><img loading=\"lazy\" decoding=\"async\" width=\"1024\" height=\"683\" src=\"https:\/\/philliphiersemann.com\/wp-content\/uploads\/2025\/09\/2025_08_Innerhalb_Heckarthaus_KfC_dsc3266-1024x683.jpg\" class=\"attachment-large size-large\" alt=\"\" loading=\"lazy\" srcset=\"https:\/\/philliphiersemann.com\/wp-content\/uploads\/2025\/09\/2025_08_Innerhalb_Heckarthaus_KfC_dsc3266-1024x683.jpg 1024w, https:\/\/philliphiersemann.com\/wp-content\/uploads\/2025\/09\/2025_08_Innerhalb_Heckarthaus_KfC_dsc3266-300x200.jpg 300w\" sizes=\"auto, (max-width: 1024px) 100vw, 1024px\" \/><\/div><\/div><\/div><\/div><\/div><\/div><\/section><section class=\"l-section wpb_row height_medium\"><div class=\"l-section-h i-cf\"><div class=\"g-cols vc_row via_grid cols_2 laptops-cols_inherit tablets-cols_inherit mobiles-cols_1 valign_top type_default stacking_default\"><div class=\"wpb_column vc_column_container\"><div class=\"vc_column-inner\"><div class=\"wpb_text_column\"><div class=\"wpb_wrapper\"><h5>INNERHALB<\/h5>\n<\/div><\/div><div class=\"w-separator size_medium\"><\/div><div class=\"wpb_text_column\"><div class=\"wpb_wrapper\"><h6>Die Kunstserie INNERHALB widmet sich der Rekonstruktion der uns umgebenden Gegenst\u00e4nde und Produkte. Ihre Einzelteile werden sorgf\u00e4ltig sortiert, neu geordnet und auf einem neutralen Hintergrund pr\u00e4sentiert. Diese sachliche Inszenierung offenbart die verborgene Vielfalt an Formen und Strukturen, die in allt\u00e4glichen Objekten stecken \u2013 oft unerwartet, aber faszinierend.<br \/>\nDer Betrachter ist eingeladen, die zerlegten Elemente mit dem Auge zu erkunden und sie gedanklich wieder zu einem Ganzen zusammenzusetzen. So entsteht ein spielerischer Dialog zwischen Zerlegung und Rekonstruktion, Analyse und Vorstellungskraft. Innerhalb macht sichtbar, was im Verborgenen liegt, und regt dazu an, Allt\u00e4gliches neu zu betrachten.<\/h6>\n<\/div><\/div><\/div><\/div><div class=\"wpb_column vc_column_container\"><div class=\"vc_column-inner\"><\/div><\/div><\/div><\/div><\/section><section class=\"l-section wpb_row height_medium\"><div class=\"l-section-h i-cf\"><div class=\"g-cols vc_row via_grid cols_4 laptops-cols_inherit tablets-cols_inherit mobiles-cols_1 valign_top type_default stacking_default\"><div class=\"wpb_column vc_column_container\"><div class=\"vc_column-inner\"><div class=\"w-image align_none\"><div class=\"w-image-h\"><img loading=\"lazy\" decoding=\"async\" width=\"200\" height=\"300\" src=\"https:\/\/philliphiersemann.com\/wp-content\/uploads\/2025\/09\/2025_05_PH_INNERHALB_Seifenblasenkanone_DSC1531_oE-Kopie-200x300.jpg\" class=\"attachment-medium size-medium\" alt=\"\" loading=\"lazy\" srcset=\"https:\/\/philliphiersemann.com\/wp-content\/uploads\/2025\/09\/2025_05_PH_INNERHALB_Seifenblasenkanone_DSC1531_oE-Kopie-200x300.jpg 200w, https:\/\/philliphiersemann.com\/wp-content\/uploads\/2025\/09\/2025_05_PH_INNERHALB_Seifenblasenkanone_DSC1531_oE-Kopie-683x1024.jpg 683w, https:\/\/philliphiersemann.com\/wp-content\/uploads\/2025\/09\/2025_05_PH_INNERHALB_Seifenblasenkanone_DSC1531_oE-Kopie-scaled.jpg 1708w\" sizes=\"auto, (max-width: 200px) 100vw, 200px\" \/><\/div><\/div><\/div><\/div><div class=\"wpb_column vc_column_container\"><div class=\"vc_column-inner\"><div class=\"w-image align_none\"><div class=\"w-image-h\"><img loading=\"lazy\" decoding=\"async\" width=\"200\" height=\"300\" src=\"https:\/\/philliphiersemann.com\/wp-content\/uploads\/2025\/09\/2025_05_Innerhalb_BAeNG_dsc1709_oe_V1_heller-200x300.jpg\" class=\"attachment-medium size-medium\" alt=\"\" loading=\"lazy\" srcset=\"https:\/\/philliphiersemann.com\/wp-content\/uploads\/2025\/09\/2025_05_Innerhalb_BAeNG_dsc1709_oe_V1_heller-200x300.jpg 200w, https:\/\/philliphiersemann.com\/wp-content\/uploads\/2025\/09\/2025_05_Innerhalb_BAeNG_dsc1709_oe_V1_heller-683x1024.jpg 683w, https:\/\/philliphiersemann.com\/wp-content\/uploads\/2025\/09\/2025_05_Innerhalb_BAeNG_dsc1709_oe_V1_heller-scaled.jpg 1706w\" sizes=\"auto, (max-width: 200px) 100vw, 200px\" \/><\/div><\/div><\/div><\/div><div class=\"wpb_column vc_column_container\"><div class=\"vc_column-inner\"><div class=\"w-image align_none\"><div class=\"w-image-h\"><img loading=\"lazy\" decoding=\"async\" width=\"200\" height=\"300\" src=\"https:\/\/philliphiersemann.com\/wp-content\/uploads\/2025\/09\/2025_05_INNERHALB_Asthmapulver_DSC1681_oE_V1_20x30-200x300.jpg\" class=\"attachment-medium size-medium\" alt=\"\" loading=\"lazy\" srcset=\"https:\/\/philliphiersemann.com\/wp-content\/uploads\/2025\/09\/2025_05_INNERHALB_Asthmapulver_DSC1681_oE_V1_20x30-200x300.jpg 200w, https:\/\/philliphiersemann.com\/wp-content\/uploads\/2025\/09\/2025_05_INNERHALB_Asthmapulver_DSC1681_oE_V1_20x30-682x1024.jpg 682w, https:\/\/philliphiersemann.com\/wp-content\/uploads\/2025\/09\/2025_05_INNERHALB_Asthmapulver_DSC1681_oE_V1_20x30-scaled.jpg 1706w\" sizes=\"auto, (max-width: 200px) 100vw, 200px\" \/><\/div><\/div><\/div><\/div><div class=\"wpb_column vc_column_container\"><div class=\"vc_column-inner\"><div class=\"w-image align_none\"><div class=\"w-image-h\"><img loading=\"lazy\" decoding=\"async\" width=\"200\" height=\"300\" src=\"https:\/\/philliphiersemann.com\/wp-content\/uploads\/2025\/09\/2025_05_Innerhalb_Sofortbildkamera_dsc1617_oE-Kopie-200x300.jpg\" class=\"attachment-medium size-medium\" alt=\"\" loading=\"lazy\" srcset=\"https:\/\/philliphiersemann.com\/wp-content\/uploads\/2025\/09\/2025_05_Innerhalb_Sofortbildkamera_dsc1617_oE-Kopie-200x300.jpg 200w, https:\/\/philliphiersemann.com\/wp-content\/uploads\/2025\/09\/2025_05_Innerhalb_Sofortbildkamera_dsc1617_oE-Kopie-683x1024.jpg 683w, https:\/\/philliphiersemann.com\/wp-content\/uploads\/2025\/09\/2025_05_Innerhalb_Sofortbildkamera_dsc1617_oE-Kopie-scaled.jpg 1707w\" sizes=\"auto, (max-width: 200px) 100vw, 200px\" \/><\/div><\/div><\/div><\/div><\/div><\/div><\/section><section class=\"l-section wpb_row height_medium\"><div class=\"l-section-h i-cf\"><div class=\"g-cols vc_row via_grid cols_2 laptops-cols_inherit tablets-cols_inherit mobiles-cols_1 valign_top type_default stacking_default\"><div class=\"wpb_column vc_column_container\"><div class=\"vc_column-inner\"><\/div><\/div><div class=\"wpb_column vc_column_container\"><div class=\"vc_column-inner\"><\/div><\/div><\/div><\/div><\/section>\n","protected":false},"excerpt":{"rendered":"Die Konstruktion der Pflanzen Die Suche nach neuen Ans\u00e4tzen der zeitgen\u00f6ssischen Fotografie lie\u00df Phillip Hiersemann zum Kern gesellschaftlich verankerter Sehns\u00fcchte vordringen. Sukzessive zergliedert er Gegenst\u00e4nde des Alltags, die als Metaphern f\u00fcr Sch\u00f6nheit, Sicherheit und Gl\u00fcck fungieren, um ihren Ursprung freizulegen und ihr Wesen festzuhalten. Die handwerkliche Pr\u00e4zision verdanken die Arbeiten Hiersemanns langj\u00e4hriger Erfahrung in der...","protected":false},"author":1,"featured_media":0,"parent":0,"menu_order":0,"comment_status":"closed","ping_status":"closed","template":"","meta":{"footnotes":""},"class_list":["post-73","page","type-page","status-publish","hentry"],"_links":{"self":[{"href":"https:\/\/philliphiersemann.com\/index.php\/wp-json\/wp\/v2\/pages\/73","targetHints":{"allow":["GET"]}}],"collection":[{"href":"https:\/\/philliphiersemann.com\/index.php\/wp-json\/wp\/v2\/pages"}],"about":[{"href":"https:\/\/philliphiersemann.com\/index.php\/wp-json\/wp\/v2\/types\/page"}],"author":[{"embeddable":true,"href":"https:\/\/philliphiersemann.com\/index.php\/wp-json\/wp\/v2\/users\/1"}],"replies":[{"embeddable":true,"href":"https:\/\/philliphiersemann.com\/index.php\/wp-json\/wp\/v2\/comments?post=73"}],"version-history":[{"count":42,"href":"https:\/\/philliphiersemann.com\/index.php\/wp-json\/wp\/v2\/pages\/73\/revisions"}],"predecessor-version":[{"id":273,"href":"https:\/\/philliphiersemann.com\/index.php\/wp-json\/wp\/v2\/pages\/73\/revisions\/273"}],"wp:attachment":[{"href":"https:\/\/philliphiersemann.com\/index.php\/wp-json\/wp\/v2\/media?parent=73"}],"curies":[{"name":"wp","href":"https:\/\/api.w.org\/{rel}","templated":true}]}}